{"id":2260,"date":"2024-03-26T08:02:02","date_gmt":"2024-03-26T08:02:02","guid":{"rendered":"https:\/\/demo.bravisthemes.com\/gurus\/?page_id=2260"},"modified":"2025-05-23T00:05:59","modified_gmt":"2025-05-22T21:05:59","slug":"quarky-product","status":"publish","type":"page","link":"https:\/\/zazumcosmetic.com\/en\/quarky-product\/","title":{"rendered":"Quarky"},"content":{"rendered":"\t\t<div data-elementor-type=\"wp-page\" data-elementor-id=\"2260\" class=\"elementor elementor-2260\">\n\t\t\t\t        <section class=\"elementor-section elementor-top-section elementor-element elementor-element-3fb8f08 elementor-section-boxed elementor-section-height-default elementor-section-height-default pxl-row-scroll-none pxl-zoom-point-false pxl-section-overflow-visible pxl-section-fix-none pxl-bg-color-none pxl-section-overlay-none\" data-id=\"3fb8f08\" data-element_type=\"section\" data-e-type=\"section\">\n\n                \n                <div class=\"elementor-container elementor-column-gap-extended \">\n                <div class=\"elementor-column elementor-col-50 elementor-top-column elementor-element elementor-element-c48894a pxl-column-none pxl-column-overflow-hidden-no\" data-id=\"c48894a\" data-element_type=\"column\" data-e-type=\"column\">\r\n        <div class=\"elementor-widget-wrap elementor-element-populated\">\r\n                     \r\n        \t\t<div class=\"elementor-element elementor-element-6caae28 elementor-widget__width-inherit elementor-widget elementor-widget-pxl_image\" data-id=\"6caae28\" data-element_type=\"widget\" data-e-type=\"widget\" data-widget_type=\"pxl_image.default\">\n\t\t\t\t<div class=\"elementor-widget-container\">\n\t\t\t\t\t<div id=\"pxl_image-6caae28-1427\"  class=\"pxl-image-single    \"  data-wow-delay=\"ms\" \r\n      \r\n          data-parallax-value = \"0\">\r\n    <div class=\"pxl-item--inner\" data-wow-delay=\"120ms\">\r\n                                    <div class=\"pxl-item--image\" >\r\n                                            <img fetchpriority=\"high\" decoding=\"async\" width=\"1200\" height=\"1480\" src=\"https:\/\/zazumcosmetic.com\/wp-content\/uploads\/2024\/12\/QUARKY.webp\" class=\"no-lazyload attachment-full\" alt=\"\" \/>                                    <\/div>\r\n                                                                    <\/div>\r\n<\/div>\r\n\t\t\t\t<\/div>\n\t\t\t\t<\/div>\n\t\t\t\t<div class=\"elementor-element elementor-element-c7b194f elementor-widget elementor-widget-pxl_heading\" data-id=\"c7b194f\" data-element_type=\"widget\" data-e-type=\"widget\" data-widget_type=\"pxl_heading.default\">\n\t\t\t\t<div class=\"elementor-widget-container\">\n\t\t\t\t\t\n<div id=\"pxl-pxl_heading-c7b194f-4768\" class=\"pxl-heading   \" >\n\t<div class=\"pxl-heading--container\" >\n\t\t<div class=\"pxl-heading--inner\">\n\t\t\t\t\t\t\t<div class=\"pxl-item--subtitle \" data-wow-delay=\"ms\">\n\t\t\t\t\t<span class=\"pxl-item--subtext \">\n\t\t\t\t\t\tBizimle \u0130leti\u015fime Ge\u00e7in\t\t\t\t\t<\/span>\n\t\t\t\t<\/div>\n\t\t\t\t\t\t\t\t\t<h2 class=\"pxl-item--title pxl-heading-custom  \" data-wow-delay=\"ms\">\n\t\t\t\tSipari\u015f \u0130\u00e7in\t\t\t\t\t\n\t\t\t\t\t\t\t<\/h2>\n\t\t<\/div>\n\t\t\n\t<\/div>\n<\/div>\n\t\t\t\t<\/div>\n\t\t\t\t<\/div>\n\t\t\t\t<div class=\"elementor-element elementor-element-56a5cd3 elementor-widget elementor-widget-pxl_heading\" data-id=\"56a5cd3\" data-element_type=\"widget\" data-e-type=\"widget\" data-widget_type=\"pxl_heading.default\">\n\t\t\t\t<div class=\"elementor-widget-container\">\n\t\t\t\t\t\n<div id=\"pxl-pxl_heading-56a5cd3-7779\" class=\"pxl-heading   \" >\n\t<div class=\"pxl-heading--container\" >\n\t\t<div class=\"pxl-heading--inner\">\n\t\t\t\t\t\t\t<div class=\"pxl-item--subtitle \" data-wow-delay=\"ms\">\n\t\t\t\t\t<span class=\"pxl-item--subtext pxl-p1\">\n\t\t\t\t\t\tTelefon\t\t\t\t\t<\/span>\n\t\t\t\t<\/div>\n\t\t\t\t\t\t\t\t\t<h4 class=\"pxl-item--title pxl-heading-custom  \" data-wow-delay=\"ms\">\n\t\t\t\t+90 501 378 9960\t\t\t\t\t\n\t\t\t\t\t\t\t<\/h4>\n\t\t<\/div>\n\t\t\n\t<\/div>\n<\/div>\n\t\t\t\t<\/div>\n\t\t\t\t<\/div>\n\t\t\t\t<div class=\"elementor-element elementor-element-6d5fc66 elementor-widget elementor-widget-pxl_heading\" data-id=\"6d5fc66\" data-element_type=\"widget\" data-e-type=\"widget\" data-widget_type=\"pxl_heading.default\">\n\t\t\t\t<div class=\"elementor-widget-container\">\n\t\t\t\t\t\n<div id=\"pxl-pxl_heading-6d5fc66-2393\" class=\"pxl-heading   \" >\n\t<div class=\"pxl-heading--container\" >\n\t\t<div class=\"pxl-heading--inner\">\n\t\t\t\t\t\t\t<div class=\"pxl-item--subtitle \" data-wow-delay=\"ms\">\n\t\t\t\t\t<span class=\"pxl-item--subtext pxl-p1\">\n\t\t\t\t\t\tAdres\t\t\t\t\t<\/span>\n\t\t\t\t<\/div>\n\t\t\t\t\t\t\t\t\t<h4 class=\"pxl-item--title pxl-heading-custom  \" data-wow-delay=\"ms\">\n\t\t\t\tSefak\u00f6y Merkez Tevfik Bey Mahallesi 1 G\u00fcl Sokak \u00d6zbirlik Siteler No:9 K\u00fc\u00e7\u00fck\u00e7ekmece \/ \u0130stanbul\t\t\t\t\t\n\t\t\t\t\t\t\t<\/h4>\n\t\t<\/div>\n\t\t\n\t<\/div>\n<\/div>\n\t\t\t\t<\/div>\n\t\t\t\t<\/div>\n\t\t\t\t<div class=\"elementor-element elementor-element-9be6059 elementor-widget elementor-widget-pxl_heading\" data-id=\"9be6059\" data-element_type=\"widget\" data-e-type=\"widget\" data-widget_type=\"pxl_heading.default\">\n\t\t\t\t<div class=\"elementor-widget-container\">\n\t\t\t\t\t\n<div id=\"pxl-pxl_heading-9be6059-6666\" class=\"pxl-heading   \" >\n\t<div class=\"pxl-heading--container\" >\n\t\t<div class=\"pxl-heading--inner\">\n\t\t\t\t\t\t\t<div class=\"pxl-item--subtitle \" data-wow-delay=\"ms\">\n\t\t\t\t\t<span class=\"pxl-item--subtext pxl-p1\">\n\t\t\t\t\t\tEmail Addresi\t\t\t\t\t<\/span>\n\t\t\t\t<\/div>\n\t\t\t\t\t\t\t\t\t<h4 class=\"pxl-item--title pxl-heading-custom  \" data-wow-delay=\"ms\">\n\t\t\t\tinfo@zazumcosmetic.com\t\t\t\t\t\n\t\t\t\t\t\t\t<\/h4>\n\t\t<\/div>\n\t\t\n\t<\/div>\n<\/div>\n\t\t\t\t<\/div>\n\t\t\t\t<\/div>\n\t\t\t\t<div class=\"elementor-element elementor-element-f10bbc3 elementor-widget-divider--view-line elementor-widget elementor-widget-divider\" data-id=\"f10bbc3\" data-element_type=\"widget\" data-e-type=\"widget\" data-widget_type=\"divider.default\">\n\t\t\t\t<div class=\"elementor-widget-container\">\n\t\t\t\t\t\t\t<div class=\"elementor-divider\">\n\t\t\t<span class=\"elementor-divider-separator\">\n\t\t\t\t\t\t<\/span>\n\t\t<\/div>\n\t\t\t\t\t\t<\/div>\n\t\t\t\t<\/div>\n\t\t\t\t<div class=\"elementor-element elementor-element-7a51c22 elementor-widget__width-auto elementor-widget elementor-widget-pxl_social_share\" data-id=\"7a51c22\" data-element_type=\"widget\" data-e-type=\"widget\" data-widget_type=\"pxl_social_share.default\">\n\t\t\t\t<div class=\"elementor-widget-container\">\n\t\t\t\t\t\r\n<div class=\"pxl-social-share style-round-box3 hover-default pxl-layout-horizontal \" data-wow-delay=\"ms\">\r\n    <div class=\"pxl-social--inner\">\r\n                <div class=\"pxl-items \" >\r\n                                <a class=\"pxl-item pxl-link pxl-white \" href=\"https:\/\/instagram.com\/zazum.cosmetic \">\r\n                        <i aria-hidden=\"true\" class=\"fab fa-instagram\"><\/i>                    <\/a>\r\n                                    <a class=\"pxl-item pxl-link pxl-white \" href=\"https:\/\/www.tiktok.com\/@zazum.cosmetic\">\r\n                        <i aria-hidden=\"true\" class=\"fab fa-tiktok\"><\/i>                    <\/a>\r\n                                    <\/div>\r\n    <\/div>\r\n<\/div>\r\n\r\n\t\t\t\t<\/div>\n\t\t\t\t<\/div>\n\t\t            <\/div>\r\n        <\/div>\r\n                <div class=\"elementor-column elementor-col-50 elementor-top-column elementor-element elementor-element-e5e12bf pxl-column-none pxl-column-overflow-hidden-no\" data-id=\"e5e12bf\" data-element_type=\"column\" data-e-type=\"column\">\r\n        <div class=\"elementor-widget-wrap elementor-element-populated\">\r\n                     \r\n        \t\t<div class=\"elementor-element elementor-element-1d3b194 elementor-widget elementor-widget-pxl_heading\" data-id=\"1d3b194\" data-element_type=\"widget\" data-e-type=\"widget\" data-widget_type=\"pxl_heading.default\">\n\t\t\t\t<div class=\"elementor-widget-container\">\n\t\t\t\t\t\n<div id=\"pxl-pxl_heading-1d3b194-9769\" class=\"pxl-heading   \" >\n\t<div class=\"pxl-heading--container\" >\n\t\t<div class=\"pxl-heading--inner\">\n\t\t\t\t\t\t\t\t\t<h2 class=\"pxl-item--title pxl-heading-default  \" data-wow-delay=\"ms\">\n\t\t\t\tQUARKY\t\t\t\t\t\n\t\t\t\t\t\t\t<\/h2>\n\t\t<\/div>\n\t\t\n\t<\/div>\n<\/div>\n\t\t\t\t<\/div>\n\t\t\t\t<\/div>\n\t\t\t\t<div class=\"elementor-element elementor-element-1cc1581 elementor-widget elementor-widget-pxl_heading\" data-id=\"1cc1581\" data-element_type=\"widget\" data-e-type=\"widget\" data-widget_type=\"pxl_heading.default\">\n\t\t\t\t<div class=\"elementor-widget-container\">\n\t\t\t\t\t\n<div id=\"pxl-pxl_heading-1cc1581-2724\" class=\"pxl-heading   \" >\n\t<div class=\"pxl-heading--container\" >\n\t\t<div class=\"pxl-heading--inner\">\n\t\t\t\t\t\t\t<div class=\"pxl-item--subtitle \" data-wow-delay=\"ms\">\n\t\t\t\t\t<span class=\"pxl-item--subtext \">\n\t\t\t\t\t\tYenilik\u00e7i bir \u015fekilde g\u00fc\u00e7lendirilmi\u015f form\u00fcle sahip benzersiz bir sa\u00e7 d\u00f6k\u00fclmesi kar\u015f\u0131t\u0131 serum QUARKY sunuyoruz.<br><br> Bu form\u00fcl sa\u00e7 k\u00f6klerini aktif olarak desteklemek ve g\u00fc\u00e7lendirmek, b\u00fcy\u00fcmelerini te\u015fvik etmek ve onlar\u0131 hasardan korumak i\u00e7in tasarlanm\u0131\u015ft\u0131r. Serum kafa derisini derinlemesine besler, kan dola\u015f\u0131m\u0131n\u0131 iyile\u015ftirir, g\u00fc\u00e7l\u00fc ve kal\u0131n sa\u00e7lar\u0131n b\u00fcy\u00fcmesi i\u00e7in sa\u011fl\u0131kl\u0131 bir ortam sa\u011flar. <br><br> \u00dcr\u00fcn\u00fcm\u00fcz sa\u00e7 bak\u0131m\u0131ndak\u0131 en son geli\u015fmelerle form\u00fcle edilmi\u015ftir ve sa\u00e7lar\u0131na hacim, g\u00fc\u00e7 ve canl\u0131l\u0131k kazand\u0131rmak isteyenler\u00a0i\u00e7in\u00a0idealdir.\nSaw palmetto sa\u00e7 d\u00f6k\u00fclmesini yava\u015flat\u0131r. 5-alfa-red\u00fcktaz enzimini inhibe ederek veya sa\u00e7 folik\u00fclleri taraf\u0131ndan dihidrotestosteron al\u0131m\u0131n\u0131 azaltarak sa\u00e7 b\u00fcy\u00fcmesine yard\u0131mc\u0131 olur. <br><br>\nKafeinin ana faydas\u0131, kan dola\u015f\u0131m\u0131n\u0131 te\u015fvik ederek yeni sa\u00e7 olu\u015fumunu desteklemesidir. Ayr\u0131ca sa\u00e7 h\u00fccrelerinin daha fazla uzamay\u0131 te\u015fvik edici proteinler \u00fcretmesine yard\u0131mc\u0131 olarak, d\u00f6k\u00fclmelerle sava\u015f\u0131r ve sa\u00e7 tellerinin kal\u0131nla\u015fmas\u0131na da destek verir.<br><br>\n\nBiotin sa\u00e7\u0131n temel yap\u0131 ta\u015f\u0131 olan keratinin olu\u015fumunu destekleyen \u00f6nemli bir vitamindir. Biotin cilt ve t\u0131rnak sa\u011fl\u0131\u011f\u0131 i\u00e7inde \u00e7ok gereklidir. Biotin eksikli\u011fi sa\u00e7lar\u0131n g\u00fc\u00e7s\u00fczle\u015fip d\u00f6k\u00fclmesine, neden olmaktad\u0131r. Biotin eksikli\u011fine ba\u011fl\u0131 olarak geli\u015fen sa\u00e7 d\u00f6k\u00fclmelerinde biotin seviyelerinin normale gelmesi sa\u00e7 d\u00f6k\u00fclmelerini durdurabilmektedir.\n<br><br>\nKeratin, sa\u00e7lar\u0131n sa\u011fl\u0131kl\u0131 bir g\u00f6r\u00fcn\u00fcme kavu\u015fmas\u0131n\u0131 sa\u011flamakla birlikte fiziksel ve biyolojik fakt\u00f6rler ile zarar g\u00f6rm\u00fc\u015f sa\u00e7lar\u0131 onaran, sa\u00e7lar\u0131 besleyen ve hacim veren, sa\u00e7lara gereken vitaminleri kazand\u0131rarak dolgun g\u00f6r\u00fcnmesine katk\u0131 sa\u011flayan bir protein grubudur.<br><br>\n\n\u0130nositol Sa\u011fl\u0131kl\u0131 sa\u00e7\u0131 destekler, sa\u00e7 d\u00f6k\u00fclmesini \u00f6nlemede yard\u0131mc\u0131d\u0131r.\n<br><br>\nB9 Vitamini (Folik Asit): Folat olarak da isimlendirilen folik asit, yeni h\u00fccrelerin \u00fcretilmesini ve kan h\u00fccrelerinin \u00e7o\u011falmas\u0131n\u0131 sa\u011flar. Sa\u00e7lar\u0131n sa\u011fl\u0131kl\u0131 uzamas\u0131na destek verir. Sa\u00e7larda k\u0131r\u0131klar\u0131n olu\u015fmas\u0131n\u0131 engellemeye yard\u0131mc\u0131d\u0131r. B9 vitamini, alopesi (sa\u00e7 d\u00f6k\u00fclmesi) tedavisinde kullan\u0131labilir.\n<br><br>\nA vitamini sa\u00e7lar\u0131n nem dengesini korumaya yard\u0131mc\u0131 olur. Sebum \u00fcretimi sayesinde sa\u00e7 k\u00f6klerini ve sa\u00e7 derisini beslenmesine katk\u0131 sa\u011flar.\n<br><br>\nB2 vitamini (Riboflavin); sa\u00e7 derisinin ya\u011f\u0131n\u0131 dengeler. Antioksidan \u00f6zelli\u011fine sahip olan bu vitaminin eksikli\u011finde sa\u00e7 derisi \u00e7abuk ya\u011flan\u0131r ve sa\u00e7 u\u00e7lar\u0131 \u00e7abuk kurur. Sa\u00e7a takviye edilerek sa\u00e7\u0131n beslenmesi sa\u011flan\u0131r\n<br><br>\nKompleks madde i\u00e7inde bulunan Biotinoyl Tripeptide \u2013 1, sa\u00e7 k\u00f6klerini yenileyip g\u00fc\u00e7lendirerek tellerin deri y\u00fczeyine tutunmas\u0131n\u0131 kolayla\u015ft\u0131r\u0131r.\n<br><br>\nProcopil \u00f6zel form\u00fcl\u00fc sayesinde sa\u00e7\u0131n nem kapasitesini art\u0131r\u0131r, hasar\u0131 \u00f6nler, sa\u00e7 lifi y\u00fczeyini p\u00fcr\u00fczs\u00fczle\u015ftirir ve parlakl\u0131\u011f\u0131 art\u0131r\u0131r. Ayr\u0131ca, ginseng ekstresi ile canlanan sa\u00e7 derisi, daha g\u00fc\u00e7l\u00fc ve sa\u011fl\u0131kl\u0131 sa\u00e7lar\u0131 te\u015fvik eder, sa\u00e7lara hacim ve form kazand\u0131r\u0131r.\n\n\nRosemary extract hem kepe\u011fe hem de sa\u00e7 d\u00f6k\u00fclmesine kar\u015f\u0131 verdi\u011fin m\u00fccadelede ger\u00e7ek bir sava\u015f\u00e7\u0131 olarak rol alaca\u011f\u0131n\u0131 s\u00f6yleyebiliriz.\n\t\u2022\tSa\u00e7 k\u00f6klerini g\u00fc\u00e7lendirir.\n\t\u2022\tSa\u00e7 d\u00f6k\u00fclmesini durdurur.\n\t\u2022\tSa\u00e7 beyazlamas\u0131n\u0131 yava\u015flat\u0131r.\n\t\u2022\tSa\u00e7 derisini besler ve yeni sa\u00e7 olu\u015fumunu\u00a0destekler.\t\t\t\t\t<\/span>\n\t\t\t\t<\/div>\n\t\t\t\t\t\t\t\t\t<h3 class=\"pxl-item--title pxl-heading-style-3  \" data-wow-delay=\"ms\">\n\t\t\t\tSa\u00e7 Serumu\t\t\t\t\t\n\t\t\t\t\t\t\t<\/h3>\n\t\t<\/div>\n\t\t\n\t<\/div>\n<\/div>\n\t\t\t\t<\/div>\n\t\t\t\t<\/div>\n\t\t            <\/div>\r\n        <\/div>\r\n        \t\t\t<\/div>\n\t\t<\/section>\n\t\t        <section class=\"elementor-section elementor-top-section elementor-element elementor-element-961f04e elementor-section-full_width elementor-section-stretched elementor-section-height-default elementor-section-height-default pxl-row-scroll-none pxl-zoom-point-false pxl-section-overflow-visible pxl-section-fix-none pxl-full-content-with-space-none pxl-bg-color-none pxl-section-overlay-none\" data-id=\"961f04e\" data-element_type=\"section\" data-e-type=\"section\" data-settings=\"{&quot;background_background&quot;:&quot;classic&quot;,&quot;stretch_section&quot;:&quot;section-stretched&quot;}\">\n\n                \n                <div class=\"elementor-container elementor-column-gap-extended \">\n                <div class=\"elementor-column elementor-col-100 elementor-top-column elementor-element elementor-element-bd5397b pxl-column-none pxl-column-overflow-hidden-no\" data-id=\"bd5397b\" data-element_type=\"column\" data-e-type=\"column\">\r\n        <div class=\"elementor-widget-wrap elementor-element-populated\">\r\n                     \r\n        \t\t<div class=\"elementor-element elementor-element-af9d20c elementor-widget elementor-widget-pxl_icon\" data-id=\"af9d20c\" data-element_type=\"widget\" data-e-type=\"widget\" data-widget_type=\"pxl_icon.default\">\n\t\t\t\t<div class=\"elementor-widget-container\">\n\t\t\t\t\t\r\n<div class=\"pxl-icon pxl-icon1 style-default \" data-wow-delay=\"ms\">\r\n    <div class=\"pxl-icon--container\">\r\n        <div class=\"pxl-item\">\r\n                            <span class=\"pxl-item--icon pxl-flex-center\">\r\n                    <i aria-hidden=\"true\" class=\"flaticon flaticon-paper-plane\"><\/i>                <\/span>\r\n                                            <\/div>\r\n    <\/div>\r\n<\/div>\t\t\t\t<\/div>\n\t\t\t\t<\/div>\n\t\t\t\t<div class=\"elementor-element elementor-element-92a09c0 elementor-widget__width-inherit elementor-widget elementor-widget-pxl_heading\" data-id=\"92a09c0\" data-element_type=\"widget\" data-e-type=\"widget\" data-widget_type=\"pxl_heading.default\">\n\t\t\t\t<div class=\"elementor-widget-container\">\n\t\t\t\t\t\n<div id=\"pxl-pxl_heading-92a09c0-6404\" class=\"pxl-heading   \" >\n\t<div class=\"pxl-heading--container\" >\n\t\t<div class=\"pxl-heading--inner\">\n\t\t\t\t\t\t\t\t\t<h2 class=\"pxl-item--title pxl-heading-default  wow fadeInUp\" data-wow-delay=\"ms\">\n\t\t\t\tSipari\u015f ve bilgi i\u00e7in<br>             <span class=\"pxl-title--highlight\">\n                Bize Ula\u015f\u0131n            <\/span>\n        \t\t\t\t\t\n\t\t\t\t\t\t\t<\/h2>\n\t\t<\/div>\n\t\t\n\t<\/div>\n<\/div>\n\t\t\t\t<\/div>\n\t\t\t\t<\/div>\n\t\t\t\t<div class=\"elementor-element elementor-element-0f3f1fc fluentform-widget-submit-button-custom elementor-widget elementor-widget-fluent-form-widget\" data-id=\"0f3f1fc\" data-element_type=\"widget\" data-e-type=\"widget\" data-widget_type=\"fluent-form-widget.default\">\n\t\t\t\t<div class=\"elementor-widget-container\">\n\t\t\t\t\t\n            <div class=\"fluentform-widget-wrapper fluentform-widget-align-default\">\n\n            \n            <div class='fluentform ff-default fluentform_wrapper_5 ffs_default_wrap'><form data-form_id=\"5\" id=\"fluentform_5\" class=\"frm-fluent-form fluent_form_5 ff-el-form-top ff_form_instance_5_1 ff-form-loading ff_has_v3_recptcha ffs_default\" data-form_instance=\"ff_form_instance_5_1\" method=\"POST\" data-recptcha_key=\"6LeZNZQqAAAAAIgAseIlczPg3Itel4s8KlFY6sF7\" ><fieldset  style=\"border: none!important;margin: 0!important;padding: 0!important;background-color: transparent!important;box-shadow: none!important;outline: none!important; min-inline-size: 100%;\">\n                    <legend class=\"ff_screen_reader_title\" style=\"display: block; margin: 0!important;padding: 0!important;height: 0!important;text-indent: -999999px;width: 0!important;overflow:hidden;\">Genel \u0130leti\u015fim Formu<\/legend><input type='hidden' name='__fluent_form_embded_post_id' value='2260' \/><input type=\"hidden\" id=\"_fluentform_5_fluentformnonce\" name=\"_fluentform_5_fluentformnonce\" value=\"1475508d95\" \/><input type=\"hidden\" name=\"_wp_http_referer\" value=\"\/en\/wp-json\/wp\/v2\/pages\/2260\" \/><div data-type=\"name-element\" data-name=\"names\" class=\" ff-field_container ff-name-field-wrapper\" ><div class='ff-t-container'><div class='ff-t-cell '><div class='ff-el-group'><div class=\"ff-el-input--label ff-el-is-required asterisk-right\"><label for='ff_5_names_first_name_' id='label_ff_5_names_first_name_' >Ad\u0131n\u0131z<\/label><\/div><div class='ff-el-input--content'><input type=\"text\" name=\"names[first_name]\" id=\"ff_5_names_first_name_\" class=\"ff-el-form-control\" aria-invalid=\"false\" aria-required=true><\/div><\/div><\/div><div class='ff-t-cell '><div class='ff-el-group'><div class=\"ff-el-input--label ff-el-is-required asterisk-right\"><label for='ff_5_names_last_name_' id='label_ff_5_names_last_name_' >Soyad\u0131n\u0131z<\/label><\/div><div class='ff-el-input--content'><input type=\"text\" name=\"names[last_name]\" id=\"ff_5_names_last_name_\" class=\"ff-el-form-control\" aria-invalid=\"false\" aria-required=true><\/div><\/div><\/div><\/div><\/div><div data-name=\"ff_cn_id_1\"  class='ff-t-container ff-column-container ff_columns_total_2 '><div class='ff-t-cell ff-t-column-1' style='flex-basis: 50%;'><div class='ff-el-group'><div class=\"ff-el-input--label ff-el-is-required asterisk-right\"><label for='ff_5_email' id='label_ff_5_email' aria-label=\"Email Adresiniz\">Email Adresiniz<\/label><\/div><div class='ff-el-input--content'><input type=\"email\" name=\"email\" id=\"ff_5_email\" class=\"ff-el-form-control\" data-name=\"email\"  aria-invalid=\"false\" aria-required=true><\/div><\/div><\/div><div class='ff-t-cell ff-t-column-2' style='flex-basis: 50%;'><div class='ff-el-group'><div class=\"ff-el-input--label ff-el-is-required asterisk-right\"><label for='ff_5_input_text' id='label_ff_5_input_text' aria-label=\"Telefonunuz\">Telefonunuz<\/label><\/div><div class='ff-el-input--content'><input type=\"text\" name=\"input_text\" class=\"ff-el-form-control\" data-name=\"input_text\" id=\"ff_5_input_text\"  aria-invalid=\"false\" aria-required=true><\/div><\/div><\/div><\/div><div class='ff-el-group'><div class=\"ff-el-input--label ff-el-is-required asterisk-right\"><label for='ff_5_message' id='label_ff_5_message' aria-label=\"Mesaj\u0131n\u0131z\">Mesaj\u0131n\u0131z<\/label><\/div><div class='ff-el-input--content'><textarea aria-required=\"true\" aria-labelledby=\"label_ff_5_message\" name=\"message\" id=\"ff_5_message\" class=\"ff-el-form-control\" placeholder=\"Sipari\u015f veya bilgi talebinizle ilgili detayl\u0131 a\u00e7\u0131klama yaz\u0131n\u0131z\" rows=\"4\" cols=\"2\" data-name=\"message\" ><\/textarea><\/div><\/div><div class='ff-el-group ff-text-left ff_submit_btn_wrapper'><button type=\"submit\" class=\"ff-btn ff-btn-submit ff-btn-md ff_btn_style\"  aria-label=\"Kaydet ve G\u00f6nder\">Kaydet ve G\u00f6nder<\/button><\/div><\/fieldset><\/form><div id='fluentform_5_errors' class='ff-errors-in-stack ff_form_instance_5_1 ff-form-loading_errors ff_form_instance_5_1_errors'><\/div><\/div>            <script type=\"text\/javascript\">\n                window.fluent_form_ff_form_instance_5_1 = {\"id\":\"5\",\"ajaxUrl\":\"https:\\\/\\\/zazumcosmetic.com\\\/wp-admin\\\/admin-ajax.php\",\"settings\":{\"layout\":{\"labelPlacement\":\"top\",\"asteriskPlacement\":\"asterisk-right\",\"helpMessagePlacement\":\"with_label\",\"errorMessagePlacement\":\"inline\",\"cssClassName\":\"\"},\"restrictions\":{\"denyEmptySubmission\":{\"enabled\":false}}},\"form_instance\":\"ff_form_instance_5_1\",\"form_id_selector\":\"fluentform_5\",\"rules\":{\"names[first_name]\":{\"required\":{\"value\":true,\"message\":\"This field is required\",\"global\":false,\"global_message\":\"This field is required\"}},\"names[middle_name]\":{\"required\":{\"value\":false,\"message\":\"This field is required\",\"global\":true,\"global_message\":\"This field is required\"}},\"names[last_name]\":{\"required\":{\"value\":true,\"message\":\"This field is required\",\"global\":true,\"global_message\":\"This field is required\"}},\"email\":{\"required\":{\"value\":true,\"message\":\"This field is required\",\"global\":true,\"global_message\":\"This field is required\"},\"email\":{\"value\":true,\"message\":\"This field must contain a valid email\",\"global\":true,\"global_message\":\"This field must contain a valid email\"}},\"input_text\":{\"required\":{\"value\":true,\"message\":\"Bu alan gereklidir\",\"global_message\":\"This field is required\",\"global\":false}},\"message\":{\"required\":{\"value\":true,\"message\":\"This field is required\",\"global\":true,\"global_message\":\"This field is required\"}},\"g-recaptcha-response\":[]},\"debounce_time\":300};\n                            <\/script>\n                        <\/div>\n\n            \t\t\t\t<\/div>\n\t\t\t\t<\/div>\n\t\t            <\/div>\r\n        <\/div>\r\n        \t\t\t<\/div>\n\t\t<\/section>\n\t\t\t\t<\/div>\n\t\t","protected":false},"excerpt":{"rendered":"<p>Bizimle \u0130leti\u015fime Ge\u00e7in Sipari\u015f \u0130\u00e7in Telefon +90 501 378 9960 Adres Sefak\u00f6y Merkez Tevfik Bey Mahallesi 1 G\u00fcl Sokak \u00d6zbirlik Siteler No:9 K\u00fc\u00e7\u00fck\u00e7ekmece \/ \u0130stanbul Email Addresi info@zazumcosmetic.com QUARKY Yenilik\u00e7i bir \u015fekilde g\u00fc\u00e7lendirilmi\u015f form\u00fcle sahip benzersiz bir sa\u00e7 d\u00f6k\u00fclmesi kar\u015f\u0131t\u0131 serum QUARKY sunuyoruz. Bu form\u00fcl sa\u00e7 k\u00f6klerini aktif olarak desteklemek ve g\u00fc\u00e7lendirmek, b\u00fcy\u00fcmelerini te\u015fvik etmek [&hellip;]<\/p>\n","protected":false},"author":1,"featured_media":0,"parent":0,"menu_order":0,"comment_status":"closed","ping_status":"closed","template":"","meta":{"footnotes":""},"class_list":["post-2260","page","type-page","status-publish","hentry"],"_links":{"self":[{"href":"https:\/\/zazumcosmetic.com\/en\/wp-json\/wp\/v2\/pages\/2260","targetHints":{"allow":["GET"]}}],"collection":[{"href":"https:\/\/zazumcosmetic.com\/en\/wp-json\/wp\/v2\/pages"}],"about":[{"href":"https:\/\/zazumcosmetic.com\/en\/wp-json\/wp\/v2\/types\/page"}],"author":[{"embeddable":true,"href":"https:\/\/zazumcosmetic.com\/en\/wp-json\/wp\/v2\/users\/1"}],"replies":[{"embeddable":true,"href":"https:\/\/zazumcosmetic.com\/en\/wp-json\/wp\/v2\/comments?post=2260"}],"version-history":[{"count":58,"href":"https:\/\/zazumcosmetic.com\/en\/wp-json\/wp\/v2\/pages\/2260\/revisions"}],"predecessor-version":[{"id":24941,"href":"https:\/\/zazumcosmetic.com\/en\/wp-json\/wp\/v2\/pages\/2260\/revisions\/24941"}],"wp:attachment":[{"href":"https:\/\/zazumcosmetic.com\/en\/wp-json\/wp\/v2\/media?parent=2260"}],"curies":[{"name":"wp","href":"https:\/\/api.w.org\/{rel}","templated":true}]}}